{"id":50,"date":"2021-01-31T09:34:53","date_gmt":"2021-01-31T08:34:53","guid":{"rendered":"https:\/\/gommer-musikferien.ch\/cms\/?page_id=50"},"modified":"2021-12-21T22:14:16","modified_gmt":"2021-12-21T21:14:16","slug":"agb","status":"publish","type":"page","link":"https:\/\/gommer-musikferien.ch\/cms\/agb\/","title":{"rendered":"Allgemeine Gesch\u00e4ftsbedingungen"},"content":{"rendered":"\n<p>Die GOMMER MUSIKFERIEN werden aus einer privaten Initiative zusammen mit \u00f6rtlichen Kulturinteressierten organisiert, um das kulturelle Leben im Goms zu bereichern. Es bestehen keine Gewinnabsichten.<\/p>\n\n\n\n<p>F\u00fcr die Teilnahme an den Musikkursen gelten folgende Gesch\u00e4ftsbedingungen:<\/p>\n\n\n\n<p><strong>Anmeldeschluss<\/strong><br>Offizieller Anmeldeschluss: Ende April<br>Bei sp\u00e4terer Anmeldung kann das Spezialarrangement Kurs\/Hotel nicht garantiert werden.<\/p>\n\n\n\n<p><strong>Kursbest\u00e4tigung<\/strong><br>Die Teilnehmenden erhalten innert zwei Wochen eine Anmeldebest\u00e4tigung mit den Angaben zur Bezahlung der Kursgeb\u00fchr. Sie ist innert 14 Tagen einzuzahlen. Sobald die Kursgeb\u00fchr einbezahlt ist, gilt die Anmeldung beidseitig als definitiv.<br>Die Hotelunterkunft ist vor Ort zu bezahlen.<\/p>\n\n\n\n<p><strong>Kursunterlagen<\/strong><br>6-8 Wochen vor Kursbeginn werden die Kursunterlagen zusammen mit der Einladung zur Er\u00f6ffnung des Kurses verschickt. Bei Fragen wenden Sie sich an Ihren Kursleiter bzw. Ihre Kursleiterin oder benutzen die Kontaktangaben auf der Homepage.<\/p>\n\n\n\n<p><strong>Abmeldung\/Annullationskostenversicherung<\/strong><br>Um sich im Verhinderungsfall (z. B. Krankheit oder Unfall) abzusichern, empfehlen wir den Abschluss einer Annullationskostenversicherung.<\/p>\n\n\n\n<p>Bereits bezahlte Kursgeb\u00fchren werden wie folgt zur\u00fcckerstattet:<br>100 % bei Abmeldung bis 40 Tage vor Kursbeginn<br>50 % bis 22 Tage vor Kursbeginn<br>0 % bei sp\u00e4terer Abmeldung.<br><strong>Diese AGB betreffen nur die Kurskosten. F\u00fcr die Unterkunftskosten gelten die AGB des jeweiligen Hotels.<\/strong><\/p>\n\n\n\n<p><strong>Unfallversicherung<\/strong><br>Der Abschluss einer Unfallversicherung ist Sache der Teilnehmenden.<\/p>\n\n\n\n<p><strong>Kursabsage<\/strong><br>Melden sich zu wenig Teilnehmende f\u00fcr einen Kurs an, kann GOMMER MUSIKFERIEN einen Kurs bis sp\u00e4testens 21 Tage vor Kursbeginn absagen. Die Teilnehmenden werden informiert und erhalten in diesem Fall die Kursgeb\u00fchr vollumf\u00e4nglich zur\u00fcckerstattet. Weitergehende Leistungen von GOMMER MUSIKFERIEN oder Forderungen an GOMMER MUSIKFERIEN sind ausgeschlossen.<\/p>\n\n\n\n<p><strong>Zahlungen aus dem AUSLAND<\/strong><br>Wir bitten Sie, die Kursgeb\u00fchr via SEPA im vollumf\u00e4nglichen SFR-Betrag zu bezahlen (EBanking in Euro). Bei Fragen erkundigen Sie sich bitte bei Ihrer Bank.<\/p>\n\n\n\n<p><strong>Hotelbuchung<\/strong><br>Ihre Hotelbuchung wird von GOMMER MUSIKFERIEN an das Hotel weitergeleitet. Sie erhalten direkt vom Hotel eine Buchungsbest\u00e4tigung.<\/p>\n\n\n\n<p><strong>Gerichtsstand<\/strong><br>GOMMER MUSIKFERIEN versucht allf\u00e4llige Differenzen immer g\u00fctlich zu bereinigen. Sollte dies einmal nicht m\u00f6glich sein, ist der Gerichtsstand f\u00fcr alle Parteien Brig.<\/p>\n\n\n\n<p><em>Brig, im Dezember 2021<\/em><\/p>\n","protected":false},"excerpt":{"rendered":"<p>Die GOMMER MUSIKFERIEN werden aus einer privaten Initiative zusammen mit \u00f6rtlichen Kulturinteressierten organisiert, um das kulturelle Leben im Goms zu bereichern. Es bestehen keine Gewinnabsichten. F\u00fcr die Teilnahme an den Musikkursen gelten folgende Gesch\u00e4ftsbedingungen: AnmeldeschlussOffizieller Anmeldeschluss: Ende AprilBei sp\u00e4terer Anmeldung kann das Spezialarrangement Kurs\/Hotel nicht garantiert werden. Kursbest\u00e4tigungDie Teilnehmenden erhalten innert zwei Wochen eine Anmeldebest\u00e4tigung [&hellip;]<\/p>\n","protected":false},"author":1,"featured_media":0,"parent":0,"menu_order":0,"comment_status":"closed","ping_status":"closed","template":"","meta":{"footnotes":""},"class_list":["post-50","page","type-page","status-publish","hentry"],"_links":{"self":[{"href":"https:\/\/gommer-musikferien.ch\/cms\/wp-json\/wp\/v2\/pages\/50","targetHints":{"allow":["GET"]}}],"collection":[{"href":"https:\/\/gommer-musikferien.ch\/cms\/wp-json\/wp\/v2\/pages"}],"about":[{"href":"https:\/\/gommer-musikferien.ch\/cms\/wp-json\/wp\/v2\/types\/page"}],"author":[{"embeddable":true,"href":"https:\/\/gommer-musikferien.ch\/cms\/wp-json\/wp\/v2\/users\/1"}],"replies":[{"embeddable":true,"href":"https:\/\/gommer-musikferien.ch\/cms\/wp-json\/wp\/v2\/comments?post=50"}],"version-history":[{"count":4,"href":"https:\/\/gommer-musikferien.ch\/cms\/wp-json\/wp\/v2\/pages\/50\/revisions"}],"predecessor-version":[{"id":198,"href":"https:\/\/gommer-musikferien.ch\/cms\/wp-json\/wp\/v2\/pages\/50\/revisions\/198"}],"wp:attachment":[{"href":"https:\/\/gommer-musikferien.ch\/cms\/wp-json\/wp\/v2\/media?parent=50"}],"curies":[{"name":"wp","href":"https:\/\/api.w.org\/{rel}","templated":true}]}}