{"id":6,"date":"2021-01-26T15:03:20","date_gmt":"2021-01-26T14:03:20","guid":{"rendered":"https:\/\/gommer-musikferien.ch\/cms\/?page_id=6"},"modified":"2025-01-10T09:13:15","modified_gmt":"2025-01-10T08:13:15","slug":"gommer-musikferien","status":"publish","type":"page","link":"https:\/\/gommer-musikferien.ch\/cms\/","title":{"rendered":"Gommer Musikferien"},"content":{"rendered":"\n<p class=\"head1\">M\u00f6chten Sie aktives Musizieren, Natur und Kulinarik in Ihren Ferien verbinden?<br>GOMMER MUSIKFERIEN werden Sie begeistern!<br>Die inspirierende Berglandschaft, die gastliche, famili\u00e4re Atmosph\u00e4re in den Kurshotels, die Kursleiter, die Sie aufgrund ihrer langj\u00e4hrigen p\u00e4dagogischen Erfahrung kompetent und einf\u00fchlsam f\u00fcr die Musik begeistern, tragen zu einem einzigartigen Ferienerlebnis bei.   <\/p>\n\n\n\n<h2 class=\"wp-block-heading has-text-align-center has-luminous-vivid-orange-color has-text-color has-link-color wp-elements-f2bb3a9450a8ae1c244180fa9d72d675\"><\/h2>\n\n\n\n<div class='angebot'><a href='https:\/\/gommer-musikferien.ch\/cms\/kurs\/alphorn\/'>30. - 03. Juli 2026 | <span class='em'>Alphornspiel in freier Natur!<\/span> | Oberwald - Obergesteln - Ulrichen | Florian Burgener<\/a><\/div><div class='angebot'><a href='https:\/\/gommer-musikferien.ch\/cms\/kurs\/akkordeon\/'>01. - 05. Juli 2026 | <span class='em'>Das Akkordeon von Klassik \u00fcber Tango bis Folklore<\/span> | Reckingen  | J\u00fcrg Luchsinger<\/a><\/div><div class='angebot'><a href='https:\/\/gommer-musikferien.ch\/cms\/kurs\/jodelkurs-jutze-und-gradhaebe\/'>05. - 11. Juli 2026 | <span class='em'>Jodelkurs: Jutze und Gradh\u00e4be<\/span> | Reckingen | Barbara Gertsch<\/a><\/div><div class='angebot'><a href='https:\/\/gommer-musikferien.ch\/cms\/kurs\/kammermusikwoche\/'>05. - 11. Juli 2026 | <span class='em'>Kammermusikwoche f\u00fcr Streicher, Holzbl\u00e4ser und Horn<\/span> | M\u00fcnster  | Eliane Locher-Walpen, Paul Locher, Matthias Walpen, Kurt Meier, Arlette Hock <\/a><\/div><div class='angebot'><a href='https:\/\/gommer-musikferien.ch\/cms\/kurs\/orgelkurs-im-klang-der-zeit\/'>05. - 09. Juli 2026 | <span class='em'>Wunschtraum Orgelspiel &#8211; f\u00fcr Einsteiger:innen<\/span> | M\u00fcnster | Ursula Heim<\/a><\/div><div class='angebot'><a href='https:\/\/gommer-musikferien.ch\/cms\/kurs\/wandern-singen-natur-erleben\/'>06. - 11. Juli 2026 | <span class='em'>Wandern &#8211; Singen &#8211; Natur erleben<\/span> | Bellwald | Norbert Carlen, S\u00e4nger und Chorleiter<\/a><\/div><div class='angebot'><a href='https:\/\/gommer-musikferien.ch\/cms\/kurs\/gommer-chor-und-orchesterwoche\/'>12. - 18. Juli 2026 | <span class='em'>Gommer Chor- und Orchesterwoche<\/span> | M\u00fcnster | Mona Sp\u00e4gele, Paul Locher, Matthias Walpen<\/a><\/div><div class='angebot'><a href='https:\/\/gommer-musikferien.ch\/cms\/kurs\/klezmerensemble\/'>12. - 18. Juli 2026 | <span class='em'>Klezmerensemble<\/span> | Oberwald | Francis Petter<\/a><\/div><div class='angebot'><a href='https:\/\/gommer-musikferien.ch\/cms\/kurs\/gitarenbau-und-spielkurs-fuer-kinder\/'>13. - 17. Juli 2026 | <span class='em'>Gitarrenbau und Spielkurs f\u00fcr Kinder<\/span> | Brig | Daniel Eyer, Peter Jossen, Denise Eyer-Oggier<\/a><\/div><div class='angebot'><a href='https:\/\/gommer-musikferien.ch\/cms\/kurs\/kapellengang-stimmenklang\/'>13. - 19. Juli 2026 | <span class='em'>Kapellengang &#038; Stimmenklang<\/span> | Gluringen | Maria Walpen<\/a><\/div><div class='angebot'><a href='https:\/\/gommer-musikferien.ch\/cms\/kurs\/crashkurs-ukulele\/'>13. - 17. Juli 2026 | <span class='em'>Crashkurs Ukulele<\/span> | Brig | Daniel Eyer<\/a><\/div><div class='angebot'><a href='https:\/\/gommer-musikferien.ch\/cms\/kurs\/klarinettenorchester\/'>19. - 24. Juli 2026 | <span class='em'>Klarinettenorchester f\u00fcr Amateurklarinettist:innen sowie begeisterte Profis ab 9 bis 99 Jahre<\/span> | Gluringen | Matteo Genini<\/a><\/div><div class='angebot'><a href='https:\/\/gommer-musikferien.ch\/cms\/kurs\/eine-ukulele-selber-bauen-und-spielen-lernen\/'>20. - 24. Juli 2026 | <span class='em'>Eine Ukulele selber bauen und spielen lernen<\/span> |  Brig | Daniel Eyer und Denise Eyer-Oggier<\/a><\/div><div class='angebot'><a href='https:\/\/gommer-musikferien.ch\/cms\/kurs\/einfach-eigene-musik-erfinden-und-aufnehmen\/'>20. - 24. Juli 2026 | <span class='em'>Einfach eigene Musik erfinden und aufnehmen<\/span> | Naters | Daniel Eyer<\/a><\/div><div class='angebot'><a href='https:\/\/gommer-musikferien.ch\/cms\/kurs\/der-ideale-wieder-einstieg-ins-klavierspiel\/'>27. - 30. Juli 2026 | <span class='em'>Der ideale (Wieder-)Einstieg ins Klavierspiel<\/span> | Fiesch | Muriel Zeiter<\/a><\/div><div class='angebot'><a href='https:\/\/gommer-musikferien.ch\/cms\/kurs\/volkmusikwoche-fuer-kinder-und-jugendliche\/'>27. - 01. August 2026 | <span class='em'>Volkmusikwoche f\u00fcr Kinder und Jugendliche<\/span> | Biel | Reinhard Heldner, Paul Locher, Olga Albisetti <\/a><\/div><div class='angebot'><a href='https:\/\/gommer-musikferien.ch\/cms\/kurs\/brass-ensemblekurs-und-workshop\/'>28. - 31. Juli 2026 | <span class='em'>Brass Ensemblekurs und Workshop<\/span> | Reckingen | Fabian Bloch<\/a><\/div><div class='angebot'><a href='https:\/\/gommer-musikferien.ch\/cms\/kurs\/kammermusik-alte-musik\/'>31. - 04. August 2026 | <span class='em'>Kammermusik Alte Musik<\/span> | Reckingen  | Kerstin Kramp, Daniela Numico, Mojca Gal<\/a><\/div><div class='angebot'><a href='https:\/\/gommer-musikferien.ch\/cms\/kurs\/gommer-floetentage-fuer-kinder-und-jugendliche\/'>03. - 05. August 2026 | <span class='em'>Gommer Fl\u00f6tentage f\u00fcr Kinder und Jugendliche<\/span> | Biel \/Goms  | Marielle Oggier, Eliane Locher-Walpen<\/a><\/div><div class='angebot'><a href='https:\/\/gommer-musikferien.ch\/cms\/kurs\/schlagzeug-ensemble\/'>09. - 12. August 2026 | <span class='em'>Schlagzeug Ensemble<\/span> | Gluringen | Jonas Imhof<\/a><\/div><div class='angebot'><a href='https:\/\/gommer-musikferien.ch\/cms\/kurs\/kammermusik-am-feierabend\/'>10. - 13. August 2026 | <span class='em'>Kammermusik am Feierabend<\/span> | Brig | Eliane Locher-Walpen,  Paul Locher<\/a><\/div><div class='angebot'><a href='https:\/\/gommer-musikferien.ch\/cms\/kurs\/kammermusik-fuer-streicher-holzblaeser-und-horn\/'>18. - 24. Oktober 2026 | <span class='em'>Herbstkurs Kammermusik f\u00fcr Streicher, Holzbl\u00e4ser und Horn<\/span> | Reckingen  | Eliane Locher-Walpen, Paul Locher<\/a><\/div><div class='angebot'><a href='https:\/\/gommer-musikferien.ch\/cms\/kurs\/tradition-trifft-kreativitaet-vertonung-eines-stummfilms\/'>20. - 22. November 2026 | <span class='em'>Tradition trifft Kreativita\u0308t &#8211; Vertonung eines Stummfilms<\/span> | Reckingen  | Andreas Gabriel, Pirmin Huber<\/a><\/div>\n\n\n<div class=\"wp-block-image\">\n<figure class=\"aligncenter size-large\"><img loading=\"lazy\" decoding=\"async\" width=\"1024\" height=\"683\" src=\"https:\/\/gommer-musikferien.ch\/cms\/wp-content\/uploads\/2024\/01\/Chor_F-1024x683.jpeg\" alt=\"\" class=\"wp-image-427\" srcset=\"https:\/\/gommer-musikferien.ch\/cms\/wp-content\/uploads\/2024\/01\/Chor_F-1024x683.jpeg 1024w, https:\/\/gommer-musikferien.ch\/cms\/wp-content\/uploads\/2024\/01\/Chor_F-300x200.jpeg 300w, https:\/\/gommer-musikferien.ch\/cms\/wp-content\/uploads\/2024\/01\/Chor_F-768x512.jpeg 768w, https:\/\/gommer-musikferien.ch\/cms\/wp-content\/uploads\/2024\/01\/Chor_F.jpeg 1280w\" sizes=\"auto, (max-width: 1024px) 100vw, 1024px\" \/><\/figure>\n<\/div>\n\n\n<p><\/p>\n\n\n<div class=\"wp-block-image\">\n<figure class=\"aligncenter size-large\"><img loading=\"lazy\" decoding=\"async\" width=\"1024\" height=\"683\" src=\"https:\/\/gommer-musikferien.ch\/cms\/wp-content\/uploads\/2024\/01\/OrchFg-1024x683.jpeg\" alt=\"\" class=\"wp-image-428\" srcset=\"https:\/\/gommer-musikferien.ch\/cms\/wp-content\/uploads\/2024\/01\/OrchFg-1024x683.jpeg 1024w, https:\/\/gommer-musikferien.ch\/cms\/wp-content\/uploads\/2024\/01\/OrchFg-300x200.jpeg 300w, https:\/\/gommer-musikferien.ch\/cms\/wp-content\/uploads\/2024\/01\/OrchFg-768x512.jpeg 768w, https:\/\/gommer-musikferien.ch\/cms\/wp-content\/uploads\/2024\/01\/OrchFg.jpeg 1280w\" sizes=\"auto, (max-width: 1024px) 100vw, 1024px\" \/><\/figure>\n<\/div>\n\n\n<p><\/p>\n\n\n\n<p class=\"has-text-align-center head2 msgbox has-medium-font-size\">Besuchen Sie auch die GOMMER SOMMER KONZERTE <br>unter <a href=\"https:\/\/gommer-sommerkonzerte.ch\/cms\/\" target=\"_BLANK\" rel=\"noopener\">gommer-sommerkonzerte.ch<\/a><\/p>\n\n\n\n<p class=\"has-luminous-vivid-orange-color has-text-color has-normal-font-size\"><\/p>\n","protected":false},"excerpt":{"rendered":"<p>M\u00f6chten Sie aktives Musizieren, Natur und Kulinarik in Ihren Ferien verbinden?GOMMER MUSIKFERIEN werden Sie begeistern!Die inspirierende Berglandschaft, die gastliche, famili\u00e4re Atmosph\u00e4re in den Kurshotels, die Kursleiter, die Sie aufgrund ihrer langj\u00e4hrigen p\u00e4dagogischen Erfahrung kompetent und einf\u00fchlsam f\u00fcr die Musik begeistern, tragen zu einem einzigartigen Ferienerlebnis bei. Besuchen Sie auch die GOMMER SOMMER KONZERTE unter gommer-sommerkonzerte.ch<\/p>\n","protected":false},"author":1,"featured_media":0,"parent":0,"menu_order":0,"comment_status":"closed","ping_status":"closed","template":"","meta":{"footnotes":""},"class_list":["post-6","page","type-page","status-publish","hentry"],"_links":{"self":[{"href":"https:\/\/gommer-musikferien.ch\/cms\/wp-json\/wp\/v2\/pages\/6","targetHints":{"allow":["GET"]}}],"collection":[{"href":"https:\/\/gommer-musikferien.ch\/cms\/wp-json\/wp\/v2\/pages"}],"about":[{"href":"https:\/\/gommer-musikferien.ch\/cms\/wp-json\/wp\/v2\/types\/page"}],"author":[{"embeddable":true,"href":"https:\/\/gommer-musikferien.ch\/cms\/wp-json\/wp\/v2\/users\/1"}],"replies":[{"embeddable":true,"href":"https:\/\/gommer-musikferien.ch\/cms\/wp-json\/wp\/v2\/comments?post=6"}],"version-history":[{"count":72,"href":"https:\/\/gommer-musikferien.ch\/cms\/wp-json\/wp\/v2\/pages\/6\/revisions"}],"predecessor-version":[{"id":524,"href":"https:\/\/gommer-musikferien.ch\/cms\/wp-json\/wp\/v2\/pages\/6\/revisions\/524"}],"wp:attachment":[{"href":"https:\/\/gommer-musikferien.ch\/cms\/wp-json\/wp\/v2\/media?parent=6"}],"curies":[{"name":"wp","href":"https:\/\/api.w.org\/{rel}","templated":true}]}}